{"id":8793,"date":"2024-02-27T17:08:47","date_gmt":"2024-02-27T16:08:47","guid":{"rendered":"https:\/\/www.chateau-montsoreau.com\/wordpress\/?page_id=8793"},"modified":"2024-02-27T17:10:21","modified_gmt":"2024-02-27T16:10:21","slug":"%d0%bf%d1%80%d0%b5%d0%bc%d0%b8%d1%8f-%d1%84%d1%80%d0%b0%d0%bd%d1%81%d1%83%d0%b0-%d0%bc%d0%be%d1%80%d0%b5%d0%bb%d0%bb%d0%b5-2","status":"publish","type":"page","link":"https:\/\/www.chateau-montsoreau.com\/wordpress\/ru\/%d0%bf%d1%80%d0%b5%d0%bc%d0%b8%d1%8f-%d1%84%d1%80%d0%b0%d0%bd%d1%81%d1%83%d0%b0-%d0%bc%d0%be%d1%80%d0%b5%d0%bb%d0%bb%d0%b5-2\/","title":{"rendered":"\u041f\u0440\u0435\u043c\u0438\u044f \u0424\u0440\u0430\u043d\u0441\u0443\u0430 \u041c\u043e\u0440\u0435\u043b\u043b\u0435"},"content":{"rendered":"\n<p>\u041f\u0440\u0435\u043c\u0438\u044f \u0424\u0440\u0430\u043d\u0441\u0443\u0430 \u041c\u043e\u0440\u0435\u043b\u043b\u0435, \u0443\u0447\u0440\u0435\u0436\u0434\u0435\u043d\u043d\u0430\u044f \u0432 2016 \u0433\u043e\u0434\u0443 \u043f\u043e \u0437\u0430\u0432\u0435\u0449\u0430\u043d\u0438\u044e \u0416\u0430\u043d\u0430-\u041c\u043e\u0440\u0438\u0441\u0430 \u0411\u0435\u043b\u0435\u0448\u0430, \u0424\u0438\u043b\u0438\u043f\u043f\u0430 \u041c\u0435\u0439\u044f \u0438 \u0424\u0440\u0430\u043d\u0441\u0443\u0430 \u041c\u043e\u0440\u0435\u043b\u043b\u0435, \u044f\u0432\u043b\u044f\u0435\u0442\u0441\u044f \u0435\u0434\u0438\u043d\u0441\u0442\u0432\u0435\u043d\u043d\u043e\u0439 \u043f\u0440\u0435\u043c\u0438\u0435\u0439, \u043a\u043e\u0442\u043e\u0440\u043e\u0439 \u0424\u0440\u0430\u043d\u0441\u0443\u0430 \u041c\u043e\u0440\u0435\u043b\u043b\u0435 \u0441\u043e\u0433\u043b\u0430\u0441\u0438\u043b\u0441\u044f \u043d\u0430\u0437\u0432\u0430\u0442\u044c \u0441\u0432\u043e\u0435 \u0438\u043c\u044f.<br>\u041a\u0430\u0436\u0434\u044b\u0439 \u0433\u043e\u0434 \u043e\u043d \u043d\u0430\u0433\u0440\u0430\u0436\u0434\u0430\u0435\u0442 \u043b\u0438\u0442\u0435\u0440\u0430\u0442\u0443\u0440\u043d\u043e\u0435 \u043f\u0440\u043e\u0438\u0437\u0432\u0435\u0434\u0435\u043d\u0438\u0435 \u0438\u043b\u0438 \u0430\u0432\u0442\u043e\u0440\u0430 \u0437\u0430 \u0438\u0445 \u043f\u0440\u0438\u0432\u0435\u0440\u0436\u0435\u043d\u043d\u043e\u0441\u0442\u044c \u0441\u043e\u0432\u0440\u0435\u043c\u0435\u043d\u043d\u043e\u043c\u0443 \u0438\u0441\u043a\u0443\u0441\u0441\u0442\u0432\u0443. \u042d\u0442\u043e \u0447\u0430\u0441\u0442\u044c \u0441\u043e\u0442\u0440\u0443\u0434\u043d\u0438\u0447\u0435\u0441\u0442\u0432\u0430 \u043c\u0435\u0436\u0434\u0443 \u0437\u0430\u043c\u043a\u043e\u043c \u041c\u043e\u043d\u0441\u043e\u0440\u043e \u2013 \u041c\u0443\u0437\u0435\u0435\u043c \u0441\u043e\u0432\u0440\u0435\u043c\u0435\u043d\u043d\u043e\u0433\u043e \u0438\u0441\u043a\u0443\u0441\u0441\u0442\u0432\u0430 \u0438 \u041d\u0430\u0446\u0438\u043e\u043d\u0430\u043b\u044c\u043d\u044b\u043c\u0438 \u0434\u043d\u044f\u043c\u0438 \u043a\u043d\u0438\u0433\u0438 \u0438 \u0432\u0438\u043d\u0430 (\u0421\u043e\u043c\u044e\u0440).<\/p>\n\n\n\n<p>\u041f\u0440\u0438\u0437 \u0424\u0440\u0430\u043d\u0441\u0443\u0430 \u041c\u043e\u0440\u0435\u043b\u043b\u0435<\/p>\n\n\n\n<p>\u0422\u0440\u043e\u0444\u0435\u0439 \u043f\u0440\u0435\u043c\u0438\u0438 \u0424\u0440\u0430\u043d\u0441\u0443\u0430 \u041c\u043e\u0440\u0435\u043b\u043b\u0435 \u0431\u044b\u043b \u0440\u0430\u0437\u0440\u0430\u0431\u043e\u0442\u0430\u043d \u041f\u0430\u0441\u043a\u0430\u043b\u0435\u043c \u041c\u043e\u0440\u0430\u0431\u0438\u0442\u043e. \u0417\u0430\u0432\u0435\u0440\u0448\u0438\u0432 \u0430\u0440\u0445\u0438\u0442\u0435\u043a\u0442\u0443\u0440\u043d\u043e\u0435 \u043e\u0431\u0440\u0430\u0437\u043e\u0432\u0430\u043d\u0438\u0435, 3 \u043c\u0430\u044f 1968 \u0433\u043e\u0434\u0430 \u043e\u043d \u043e\u0442\u043a\u0440\u044b\u043b \u0432 \u0441\u0435\u043c\u0435\u0439\u043d\u044b\u0445 \u043c\u0430\u0441\u0442\u0435\u0440\u0441\u043a\u0438\u0445 \u043f\u0435\u0440\u0432\u044b\u0439 \u043e\u0442\u0434\u0435\u043b \u0445\u0443\u0434\u043e\u0436\u0435\u0441\u0442\u0432\u0435\u043d\u043d\u044b\u0445 \u0443\u043a\u0440\u0430\u0448\u0435\u043d\u0438\u0439 \u043f\u043e\u0434 \u043d\u0430\u0437\u0432\u0430\u043d\u0438\u0435\u043c \u00ab\u0426\u0435\u043d\u0442\u0440 \u0438\u0437\u0443\u0447\u0435\u043d\u0438\u044f \u0438 \u0441\u043e\u0437\u0434\u0430\u043d\u0438\u044f \u0441\u043e\u0432\u0440\u0435\u043c\u0435\u043d\u043d\u044b\u0445 \u044e\u0432\u0435\u043b\u0438\u0440\u043d\u044b\u0445 \u0438\u0437\u0434\u0435\u043b\u0438\u0439 \u0438\u043b\u0438 \u043c\u0438\u043a\u0440\u043e\u0430\u0440\u0445\u0438\u0442\u0435\u043a\u0442\u0443\u0440\u044b\u00bb. \u041f\u0430\u0441\u043a\u0430\u043b\u044c \u041c\u043e\u0440\u0430\u0431\u0438\u0442\u043e \u0440\u0430\u0431\u043e\u0442\u0430\u0435\u0442 \u0432 \u0441\u0435\u043a\u0442\u043e\u0440\u0435 \u0440\u043e\u0441\u043a\u043e\u0448\u0438. \u0423\u0432\u043b\u0435\u0447\u0435\u043d\u043d\u044b\u0439 \u0430\u0440\u0445\u0435\u043e\u043b\u043e\u0433\u0438\u0435\u0439, \u043e\u043d \u0441\u043e\u0437\u0434\u0430\u0435\u0442 \u0441\u0432\u043e\u0438 \u0438\u0437\u0434\u0435\u043b\u0438\u044f \u043a\u0430\u043a \u0430\u0440\u0445\u0435\u043e\u043b\u043e\u0433, \u043a\u043e\u0442\u043e\u0440\u044b\u0439 \u0441\u0432\u043e\u0438\u043c\u0438 \u043e\u0442\u043a\u0440\u044b\u0442\u0438\u044f\u043c\u0438 \u043f\u0440\u043e\u043b\u0438\u0432\u0430\u0435\u0442 \u0441\u0432\u0435\u0442 \u043d\u0430 \u0442\u0435\u043c\u043d\u044b\u0435 \u0442\u044b\u0441\u044f\u0447\u0435\u043b\u0435\u0442\u0438\u044f.<\/p>\n","protected":false},"excerpt":{"rendered":"<p>\u041f\u0440\u0435\u043c\u0438\u044f \u0424\u0440\u0430\u043d\u0441\u0443\u0430 \u041c\u043e\u0440\u0435\u043b\u043b\u0435, \u0443\u0447\u0440\u0435\u0436\u0434\u0435\u043d\u043d\u0430\u044f \u0432 2016 \u0433\u043e\u0434\u0443 \u043f\u043e \u0437\u0430\u0432\u0435\u0449\u0430\u043d\u0438\u044e \u0416\u0430\u043d\u0430-\u041c\u043e\u0440\u0438\u0441\u0430 \u0411\u0435\u043b\u0435\u0448\u0430, \u0424\u0438\u043b\u0438\u043f\u043f\u0430 \u041c\u0435\u0439\u044f \u0438 \u0424\u0440\u0430\u043d\u0441\u0443\u0430 \u041c\u043e\u0440\u0435\u043b\u043b\u0435, \u044f\u0432\u043b\u044f\u0435\u0442\u0441\u044f \u0435\u0434\u0438\u043d\u0441\u0442\u0432\u0435\u043d\u043d\u043e\u0439 \u043f\u0440\u0435\u043c\u0438\u0435\u0439, \u043a\u043e\u0442\u043e\u0440\u043e\u0439 \u0424\u0440\u0430\u043d\u0441\u0443\u0430 \u041c\u043e\u0440\u0435\u043b\u043b\u0435 \u0441\u043e\u0433\u043b\u0430\u0441\u0438\u043b\u0441\u044f \u043d\u0430\u0437\u0432\u0430\u0442\u044c \u0441\u0432\u043e\u0435 \u0438\u043c\u044f.\u041a\u0430\u0436\u0434\u044b\u0439 \u0433\u043e\u0434 \u043e\u043d \u043d\u0430\u0433\u0440\u0430\u0436\u0434\u0430\u0435\u0442 \u043b\u0438\u0442\u0435\u0440\u0430\u0442\u0443\u0440\u043d\u043e\u0435 \u043f\u0440\u043e\u0438\u0437\u0432\u0435\u0434\u0435\u043d\u0438\u0435 \u0438\u043b\u0438 \u0430\u0432\u0442\u043e\u0440\u0430 \u0437\u0430 \u0438\u0445 \u043f\u0440\u0438\u0432\u0435\u0440\u0436\u0435\u043d\u043d\u043e\u0441\u0442\u044c \u0441\u043e\u0432\u0440\u0435\u043c\u0435\u043d\u043d\u043e\u043c\u0443 \u0438\u0441\u043a\u0443\u0441\u0441\u0442\u0432\u0443. \u042d\u0442\u043e \u0447\u0430\u0441\u0442\u044c \u0441\u043e\u0442\u0440\u0443\u0434\u043d\u0438\u0447\u0435\u0441\u0442\u0432\u0430 \u043c\u0435\u0436\u0434\u0443 \u0437\u0430\u043c\u043a\u043e\u043c \u041c\u043e\u043d\u0441\u043e\u0440\u043e \u2013 \u041c\u0443\u0437\u0435\u0435\u043c \u0441\u043e\u0432\u0440\u0435\u043c\u0435\u043d\u043d\u043e\u0433\u043e \u0438\u0441\u043a\u0443\u0441\u0441\u0442\u0432\u0430 \u0438 \u041d\u0430\u0446\u0438\u043e\u043d\u0430\u043b\u044c\u043d\u044b\u043c\u0438 \u0434\u043d\u044f\u043c\u0438 \u043a\u043d\u0438\u0433\u0438 \u0438 \u0432\u0438\u043d\u0430 (\u0421\u043e\u043c\u044e\u0440). [&hellip;]<\/p>\n","protected":false},"author":5,"featured_media":0,"parent":0,"menu_order":0,"comment_status":"closed","ping_status":"closed","template":"","meta":{"footnotes":""},"class_list":["post-8793","page","type-page","status-publish","hentry"],"yoast_head":"<!-- This site is optimized with the Yoast SEO plugin v27.3 - https:\/\/yoast.com\/product\/yoast-seo-wordpress\/ -->\n<title>\u041f\u0440\u0435\u043c\u0438\u044f \u0424\u0440\u0430\u043d\u0441\u0443\u0430 \u041c\u043e\u0440\u0435\u043b\u043b\u0435 | Ch\u00e2teau de Montsoreau-Mus\u00e9e d&#039;Art Contemporain<\/title>\n<meta name=\"description\" content=\"Le prix Fran\u00e7ois Morellet est cr\u00e9\u00e9 en collaboration avec les Journ\u00e9es nationales du livre et du vin. Les laur\u00e9ats : Catherine Millet (2016), Michel Onfrray (2017), Eric de Chassey (2018), Bernar Venet (2019)\" \/>\n<meta name=\"robots\" content=\"index, follow, max-snippet:-1, max-image-preview:large, max-video-preview:-1\" \/>\n<link rel=\"canonical\" href=\"https:\/\/www.chateau-montsoreau.com\/wordpress\/ru\/\u043f\u0440\u0435\u043c\u0438\u044f-\u0444\u0440\u0430\u043d\u0441\u0443\u0430-\u043c\u043e\u0440\u0435\u043b\u043b\u0435-2\/\" \/>\n<meta property=\"og:locale\" content=\"fr_FR\" \/>\n<meta property=\"og:type\" content=\"article\" \/>\n<meta property=\"og:title\" content=\"\u041f\u0440\u0435\u043c\u0438\u044f \u0424\u0440\u0430\u043d\u0441\u0443\u0430 \u041c\u043e\u0440\u0435\u043b\u043b\u0435 | Ch\u00e2teau de Montsoreau-Mus\u00e9e d&#039;Art Contemporain\" \/>\n<meta property=\"og:description\" content=\"Le prix Fran\u00e7ois Morellet est cr\u00e9\u00e9 en collaboration avec les Journ\u00e9es nationales du livre et du vin. Les laur\u00e9ats : Catherine Millet (2016), Michel Onfrray (2017), Eric de Chassey (2018), Bernar Venet (2019)\" \/>\n<meta property=\"og:url\" content=\"https:\/\/www.chateau-montsoreau.com\/wordpress\/ru\/\u043f\u0440\u0435\u043c\u0438\u044f-\u0444\u0440\u0430\u043d\u0441\u0443\u0430-\u043c\u043e\u0440\u0435\u043b\u043b\u0435-2\/\" \/>\n<meta property=\"og:site_name\" content=\"Ch\u00e2teau de Montsoreau-Mus\u00e9e d&#039;Art Contemporain\" \/>\n<meta property=\"article:publisher\" content=\"https:\/\/www.facebook.com\/chateaudemontsoreau\/\" \/>\n<meta property=\"article:modified_time\" content=\"2024-02-27T16:10:21+00:00\" \/>\n<meta name=\"twitter:card\" content=\"summary_large_image\" \/>\n<meta name=\"twitter:site\" content=\"@Cmontsoreau\" \/>\n<script type=\"application\/ld+json\" class=\"yoast-schema-graph\">{\"@context\":\"https:\\\/\\\/schema.org\",\"@graph\":[{\"@type\":\"WebPage\",\"@id\":\"https:\\\/\\\/www.chateau-montsoreau.com\\\/wordpress\\\/ru\\\/%d0%bf%d1%80%d0%b5%d0%bc%d0%b8%d1%8f-%d1%84%d1%80%d0%b0%d0%bd%d1%81%d1%83%d0%b0-%d0%bc%d0%be%d1%80%d0%b5%d0%bb%d0%bb%d0%b5-2\\\/\",\"url\":\"https:\\\/\\\/www.chateau-montsoreau.com\\\/wordpress\\\/ru\\\/%d0%bf%d1%80%d0%b5%d0%bc%d0%b8%d1%8f-%d1%84%d1%80%d0%b0%d0%bd%d1%81%d1%83%d0%b0-%d0%bc%d0%be%d1%80%d0%b5%d0%bb%d0%bb%d0%b5-2\\\/\",\"name\":\"\u041f\u0440\u0435\u043c\u0438\u044f \u0424\u0440\u0430\u043d\u0441\u0443\u0430 \u041c\u043e\u0440\u0435\u043b\u043b\u0435 | Ch\u00e2teau de Montsoreau-Mus\u00e9e d&#039;Art Contemporain\",\"isPartOf\":{\"@id\":\"https:\\\/\\\/www.chateau-montsoreau.com\\\/wordpress\\\/#website\"},\"datePublished\":\"2024-02-27T16:08:47+00:00\",\"dateModified\":\"2024-02-27T16:10:21+00:00\",\"description\":\"Le prix Fran\u00e7ois Morellet est cr\u00e9\u00e9 en collaboration avec les Journ\u00e9es nationales du livre et du vin. Les laur\u00e9ats : Catherine Millet (2016), Michel Onfrray (2017), Eric de Chassey (2018), Bernar Venet (2019)\",\"breadcrumb\":{\"@id\":\"https:\\\/\\\/www.chateau-montsoreau.com\\\/wordpress\\\/ru\\\/%d0%bf%d1%80%d0%b5%d0%bc%d0%b8%d1%8f-%d1%84%d1%80%d0%b0%d0%bd%d1%81%d1%83%d0%b0-%d0%bc%d0%be%d1%80%d0%b5%d0%bb%d0%bb%d0%b5-2\\\/#breadcrumb\"},\"inLanguage\":\"fr-FR\",\"potentialAction\":[{\"@type\":\"ReadAction\",\"target\":[\"https:\\\/\\\/www.chateau-montsoreau.com\\\/wordpress\\\/ru\\\/%d0%bf%d1%80%d0%b5%d0%bc%d0%b8%d1%8f-%d1%84%d1%80%d0%b0%d0%bd%d1%81%d1%83%d0%b0-%d0%bc%d0%be%d1%80%d0%b5%d0%bb%d0%bb%d0%b5-2\\\/\"]}]},{\"@type\":\"BreadcrumbList\",\"@id\":\"https:\\\/\\\/www.chateau-montsoreau.com\\\/wordpress\\\/ru\\\/%d0%bf%d1%80%d0%b5%d0%bc%d0%b8%d1%8f-%d1%84%d1%80%d0%b0%d0%bd%d1%81%d1%83%d0%b0-%d0%bc%d0%be%d1%80%d0%b5%d0%bb%d0%bb%d0%b5-2\\\/#breadcrumb\",\"itemListElement\":[{\"@type\":\"ListItem\",\"position\":1,\"name\":\"Accueil\",\"item\":\"https:\\\/\\\/www.chateau-montsoreau.com\\\/wordpress\\\/fr\\\/\"},{\"@type\":\"ListItem\",\"position\":2,\"name\":\"\u041f\u0440\u0435\u043c\u0438\u044f \u0424\u0440\u0430\u043d\u0441\u0443\u0430 \u041c\u043e\u0440\u0435\u043b\u043b\u0435\"}]},{\"@type\":\"WebSite\",\"@id\":\"https:\\\/\\\/www.chateau-montsoreau.com\\\/wordpress\\\/#website\",\"url\":\"https:\\\/\\\/www.chateau-montsoreau.com\\\/wordpress\\\/\",\"name\":\"Ch\u00e2teau de Montsoreau-Mus\u00e9e d&#039;Art Contemporain\",\"description\":\"Ch\u00e2teaux de la Loire Art Contemporain Art Conceptuel\",\"publisher\":{\"@id\":\"https:\\\/\\\/www.chateau-montsoreau.com\\\/wordpress\\\/#organization\"},\"potentialAction\":[{\"@type\":\"SearchAction\",\"target\":{\"@type\":\"EntryPoint\",\"urlTemplate\":\"https:\\\/\\\/www.chateau-montsoreau.com\\\/wordpress\\\/?s={search_term_string}\"},\"query-input\":{\"@type\":\"PropertyValueSpecification\",\"valueRequired\":true,\"valueName\":\"search_term_string\"}}],\"inLanguage\":\"fr-FR\"},{\"@type\":\"Organization\",\"@id\":\"https:\\\/\\\/www.chateau-montsoreau.com\\\/wordpress\\\/#organization\",\"name\":\"Ch\u00e2teau de Montsoreau - Mus\u00e9e d'art contemporain\",\"url\":\"https:\\\/\\\/www.chateau-montsoreau.com\\\/wordpress\\\/\",\"logo\":{\"@type\":\"ImageObject\",\"inLanguage\":\"fr-FR\",\"@id\":\"https:\\\/\\\/www.chateau-montsoreau.com\\\/wordpress\\\/#\\\/schema\\\/logo\\\/image\\\/\",\"url\":\"https:\\\/\\\/www.chateau-montsoreau.com\\\/wordpress\\\/wp-content\\\/uploads\\\/2016\\\/03\\\/Logo-Montsoreau-tout-petit-1.png\",\"contentUrl\":\"https:\\\/\\\/www.chateau-montsoreau.com\\\/wordpress\\\/wp-content\\\/uploads\\\/2016\\\/03\\\/Logo-Montsoreau-tout-petit-1.png\",\"width\":133,\"height\":133,\"caption\":\"Ch\u00e2teau de Montsoreau - Mus\u00e9e d'art contemporain\"},\"image\":{\"@id\":\"https:\\\/\\\/www.chateau-montsoreau.com\\\/wordpress\\\/#\\\/schema\\\/logo\\\/image\\\/\"},\"sameAs\":[\"https:\\\/\\\/www.facebook.com\\\/chateaudemontsoreau\\\/\",\"https:\\\/\\\/x.com\\\/Cmontsoreau\",\"https:\\\/\\\/www.instagram.com\\\/chateaudemontsoreau\\\/\",\"http:\\\/\\\/www.pinterest.com\\\/Cmontsoreau\"]}]}<\/script>\n<!-- \/ Yoast SEO plugin. -->","yoast_head_json":{"title":"\u041f\u0440\u0435\u043c\u0438\u044f \u0424\u0440\u0430\u043d\u0441\u0443\u0430 \u041c\u043e\u0440\u0435\u043b\u043b\u0435 | Ch\u00e2teau de Montsoreau-Mus\u00e9e d&#039;Art Contemporain","description":"Le prix Fran\u00e7ois Morellet est cr\u00e9\u00e9 en collaboration avec les Journ\u00e9es nationales du livre et du vin. Les laur\u00e9ats : Catherine Millet (2016), Michel Onfrray (2017), Eric de Chassey (2018), Bernar Venet (2019)","robots":{"index":"index","follow":"follow","max-snippet":"max-snippet:-1","max-image-preview":"max-image-preview:large","max-video-preview":"max-video-preview:-1"},"canonical":"https:\/\/www.chateau-montsoreau.com\/wordpress\/ru\/\u043f\u0440\u0435\u043c\u0438\u044f-\u0444\u0440\u0430\u043d\u0441\u0443\u0430-\u043c\u043e\u0440\u0435\u043b\u043b\u0435-2\/","og_locale":"fr_FR","og_type":"article","og_title":"\u041f\u0440\u0435\u043c\u0438\u044f \u0424\u0440\u0430\u043d\u0441\u0443\u0430 \u041c\u043e\u0440\u0435\u043b\u043b\u0435 | Ch\u00e2teau de Montsoreau-Mus\u00e9e d&#039;Art Contemporain","og_description":"Le prix Fran\u00e7ois Morellet est cr\u00e9\u00e9 en collaboration avec les Journ\u00e9es nationales du livre et du vin. Les laur\u00e9ats : Catherine Millet (2016), Michel Onfrray (2017), Eric de Chassey (2018), Bernar Venet (2019)","og_url":"https:\/\/www.chateau-montsoreau.com\/wordpress\/ru\/\u043f\u0440\u0435\u043c\u0438\u044f-\u0444\u0440\u0430\u043d\u0441\u0443\u0430-\u043c\u043e\u0440\u0435\u043b\u043b\u0435-2\/","og_site_name":"Ch\u00e2teau de Montsoreau-Mus\u00e9e d&#039;Art Contemporain","article_publisher":"https:\/\/www.facebook.com\/chateaudemontsoreau\/","article_modified_time":"2024-02-27T16:10:21+00:00","twitter_card":"summary_large_image","twitter_site":"@Cmontsoreau","schema":{"@context":"https:\/\/schema.org","@graph":[{"@type":"WebPage","@id":"https:\/\/www.chateau-montsoreau.com\/wordpress\/ru\/%d0%bf%d1%80%d0%b5%d0%bc%d0%b8%d1%8f-%d1%84%d1%80%d0%b0%d0%bd%d1%81%d1%83%d0%b0-%d0%bc%d0%be%d1%80%d0%b5%d0%bb%d0%bb%d0%b5-2\/","url":"https:\/\/www.chateau-montsoreau.com\/wordpress\/ru\/%d0%bf%d1%80%d0%b5%d0%bc%d0%b8%d1%8f-%d1%84%d1%80%d0%b0%d0%bd%d1%81%d1%83%d0%b0-%d0%bc%d0%be%d1%80%d0%b5%d0%bb%d0%bb%d0%b5-2\/","name":"\u041f\u0440\u0435\u043c\u0438\u044f \u0424\u0440\u0430\u043d\u0441\u0443\u0430 \u041c\u043e\u0440\u0435\u043b\u043b\u0435 | Ch\u00e2teau de Montsoreau-Mus\u00e9e d&#039;Art Contemporain","isPartOf":{"@id":"https:\/\/www.chateau-montsoreau.com\/wordpress\/#website"},"datePublished":"2024-02-27T16:08:47+00:00","dateModified":"2024-02-27T16:10:21+00:00","description":"Le prix Fran\u00e7ois Morellet est cr\u00e9\u00e9 en collaboration avec les Journ\u00e9es nationales du livre et du vin. Les laur\u00e9ats : Catherine Millet (2016), Michel Onfrray (2017), Eric de Chassey (2018), Bernar Venet (2019)","breadcrumb":{"@id":"https:\/\/www.chateau-montsoreau.com\/wordpress\/ru\/%d0%bf%d1%80%d0%b5%d0%bc%d0%b8%d1%8f-%d1%84%d1%80%d0%b0%d0%bd%d1%81%d1%83%d0%b0-%d0%bc%d0%be%d1%80%d0%b5%d0%bb%d0%bb%d0%b5-2\/#breadcrumb"},"inLanguage":"fr-FR","potentialAction":[{"@type":"ReadAction","target":["https:\/\/www.chateau-montsoreau.com\/wordpress\/ru\/%d0%bf%d1%80%d0%b5%d0%bc%d0%b8%d1%8f-%d1%84%d1%80%d0%b0%d0%bd%d1%81%d1%83%d0%b0-%d0%bc%d0%be%d1%80%d0%b5%d0%bb%d0%bb%d0%b5-2\/"]}]},{"@type":"BreadcrumbList","@id":"https:\/\/www.chateau-montsoreau.com\/wordpress\/ru\/%d0%bf%d1%80%d0%b5%d0%bc%d0%b8%d1%8f-%d1%84%d1%80%d0%b0%d0%bd%d1%81%d1%83%d0%b0-%d0%bc%d0%be%d1%80%d0%b5%d0%bb%d0%bb%d0%b5-2\/#breadcrumb","itemListElement":[{"@type":"ListItem","position":1,"name":"Accueil","item":"https:\/\/www.chateau-montsoreau.com\/wordpress\/fr\/"},{"@type":"ListItem","position":2,"name":"\u041f\u0440\u0435\u043c\u0438\u044f \u0424\u0440\u0430\u043d\u0441\u0443\u0430 \u041c\u043e\u0440\u0435\u043b\u043b\u0435"}]},{"@type":"WebSite","@id":"https:\/\/www.chateau-montsoreau.com\/wordpress\/#website","url":"https:\/\/www.chateau-montsoreau.com\/wordpress\/","name":"Ch\u00e2teau de Montsoreau-Mus\u00e9e d&#039;Art Contemporain","description":"Ch\u00e2teaux de la Loire Art Contemporain Art Conceptuel","publisher":{"@id":"https:\/\/www.chateau-montsoreau.com\/wordpress\/#organization"},"potentialAction":[{"@type":"SearchAction","target":{"@type":"EntryPoint","urlTemplate":"https:\/\/www.chateau-montsoreau.com\/wordpress\/?s={search_term_string}"},"query-input":{"@type":"PropertyValueSpecification","valueRequired":true,"valueName":"search_term_string"}}],"inLanguage":"fr-FR"},{"@type":"Organization","@id":"https:\/\/www.chateau-montsoreau.com\/wordpress\/#organization","name":"Ch\u00e2teau de Montsoreau - Mus\u00e9e d'art contemporain","url":"https:\/\/www.chateau-montsoreau.com\/wordpress\/","logo":{"@type":"ImageObject","inLanguage":"fr-FR","@id":"https:\/\/www.chateau-montsoreau.com\/wordpress\/#\/schema\/logo\/image\/","url":"https:\/\/www.chateau-montsoreau.com\/wordpress\/wp-content\/uploads\/2016\/03\/Logo-Montsoreau-tout-petit-1.png","contentUrl":"https:\/\/www.chateau-montsoreau.com\/wordpress\/wp-content\/uploads\/2016\/03\/Logo-Montsoreau-tout-petit-1.png","width":133,"height":133,"caption":"Ch\u00e2teau de Montsoreau - Mus\u00e9e d'art contemporain"},"image":{"@id":"https:\/\/www.chateau-montsoreau.com\/wordpress\/#\/schema\/logo\/image\/"},"sameAs":["https:\/\/www.facebook.com\/chateaudemontsoreau\/","https:\/\/x.com\/Cmontsoreau","https:\/\/www.instagram.com\/chateaudemontsoreau\/","http:\/\/www.pinterest.com\/Cmontsoreau"]}]}},"_links":{"self":[{"href":"https:\/\/www.chateau-montsoreau.com\/wordpress\/wp-json\/wp\/v2\/pages\/8793","targetHints":{"allow":["GET"]}}],"collection":[{"href":"https:\/\/www.chateau-montsoreau.com\/wordpress\/wp-json\/wp\/v2\/pages"}],"about":[{"href":"https:\/\/www.chateau-montsoreau.com\/wordpress\/wp-json\/wp\/v2\/types\/page"}],"author":[{"embeddable":true,"href":"https:\/\/www.chateau-montsoreau.com\/wordpress\/wp-json\/wp\/v2\/users\/5"}],"replies":[{"embeddable":true,"href":"https:\/\/www.chateau-montsoreau.com\/wordpress\/wp-json\/wp\/v2\/comments?post=8793"}],"version-history":[{"count":1,"href":"https:\/\/www.chateau-montsoreau.com\/wordpress\/wp-json\/wp\/v2\/pages\/8793\/revisions"}],"predecessor-version":[{"id":8794,"href":"https:\/\/www.chateau-montsoreau.com\/wordpress\/wp-json\/wp\/v2\/pages\/8793\/revisions\/8794"}],"wp:attachment":[{"href":"https:\/\/www.chateau-montsoreau.com\/wordpress\/wp-json\/wp\/v2\/media?parent=8793"}],"curies":[{"name":"wp","href":"https:\/\/api.w.org\/{rel}","templated":true}]}}