{"id":8339,"date":"2021-09-05T17:09:47","date_gmt":"2021-09-05T16:09:47","guid":{"rendered":"https:\/\/www.chateau-montsoreau.com\/wordpress\/?post_type=product&#038;p=8339"},"modified":"2021-09-06T15:13:42","modified_gmt":"2021-09-06T14:13:42","slug":"didier-faustino-tomorrows-shelters","status":"publish","type":"product","link":"https:\/\/www.chateau-montsoreau.com\/wordpress\/produit\/didier-faustino-tomorrows-shelters\/","title":{"rendered":"Didier Faustino. Tomorrow\u2019s Shelters"},"content":{"rendered":"","protected":false},"excerpt":{"rendered":"<p>Les architectures utopiques de Didier Fi\u00faza Faustino qui interrogent le futur ont guid\u00e9 le design de cet ouvrage paru aux \u00e9ditions Pierre Bessard, en collaboration avec les \u00e9ditions du Ch\u00e2teau de Montsoreau &#8211; Mus\u00e9e d&rsquo;art contemporain.<br \/>\nLe livre est r\u00e9alis\u00e9 selon un jeu d&rsquo;\u00e9chelle transpos\u00e9 au corps du texte, jouant sur la typographie et son occupation du format. La couverture se plie en facettes, en r\u00e9f\u00e9rence aux modules habitables que Faustino a imagin\u00e9s.<\/p>\n<p>Ouvrage r\u00e9alis\u00e9 \u00e0 l&rsquo;occasion de l&rsquo;exposition <em>Tomorrow&rsquo;s Shelter<\/em> au Ch\u00e2teau de Montsoreau &#8211; Mus\u00e9e d&rsquo;art contemporain du 3 juillet au 8 novembre 2021.<\/p>\n<p>Edition limit\u00e9e \u00e0 500 exemplaires accompagn\u00e9e d&rsquo;un tirage sign\u00e9\u00a0(180 x 130 mm).<br \/>\nFormat: 26,5 x 20,5 cm<\/p>\n","protected":false},"featured_media":8322,"template":"","meta":[],"product_brand":[],"product_cat":[1094],"product_tag":[],"class_list":{"0":"post-8339","1":"product","2":"type-product","3":"status-publish","4":"has-post-thumbnail","6":"product_cat-livres","8":"first","9":"instock","10":"taxable","11":"shipping-taxable","12":"purchasable","13":"product-type-simple"},"yoast_head":"<!-- This site is optimized with the Yoast SEO plugin v27.3 - https:\/\/yoast.com\/product\/yoast-seo-wordpress\/ -->\n<title>Didier Faustino. Tomorrow\u2019s Shelters | Ch\u00e2teau de Montsoreau-Mus\u00e9e d&#039;Art Contemporain<\/title>\n<meta name=\"description\" content=\"Tomorrow&#039;s Shelters un livre de Didier Fiuza Faustino paru \u00e0 l&#039;occasion de l&#039;exposition au Ch\u00e2teau de Montsoreau - Mus\u00e9e d&#039;art contemporain\" \/>\n<meta name=\"robots\" content=\"index, follow, max-snippet:-1, max-image-preview:large, max-video-preview:-1\" \/>\n<link rel=\"canonical\" href=\"https:\/\/www.chateau-montsoreau.com\/wordpress\/produit\/didier-faustino-tomorrows-shelters\/\" \/>\n<meta property=\"og:locale\" content=\"fr_FR\" \/>\n<meta property=\"og:type\" content=\"article\" \/>\n<meta property=\"og:title\" content=\"Didier Faustino. Tomorrow\u2019s Shelters | Ch\u00e2teau de Montsoreau-Mus\u00e9e d&#039;Art Contemporain\" \/>\n<meta property=\"og:description\" content=\"Tomorrow&#039;s Shelters un livre de Didier Fiuza Faustino paru \u00e0 l&#039;occasion de l&#039;exposition au Ch\u00e2teau de Montsoreau - Mus\u00e9e d&#039;art contemporain\" \/>\n<meta property=\"og:url\" content=\"https:\/\/www.chateau-montsoreau.com\/wordpress\/produit\/didier-faustino-tomorrows-shelters\/\" \/>\n<meta property=\"og:site_name\" content=\"Ch\u00e2teau de Montsoreau-Mus\u00e9e d&#039;Art Contemporain\" \/>\n<meta property=\"article:publisher\" content=\"https:\/\/www.facebook.com\/chateaudemontsoreau\/\" \/>\n<meta property=\"article:modified_time\" content=\"2021-09-06T14:13:42+00:00\" \/>\n<meta property=\"og:image\" content=\"https:\/\/www.chateau-montsoreau.com\/wordpress\/wp-content\/uploads\/2021\/08\/couverture-site-web-scaled.jpg\" \/>\n\t<meta property=\"og:image:width\" content=\"1930\" \/>\n\t<meta property=\"og:image:height\" content=\"2560\" \/>\n\t<meta property=\"og:image:type\" content=\"image\/jpeg\" \/>\n<meta name=\"twitter:card\" content=\"summary_large_image\" \/>\n<meta name=\"twitter:site\" content=\"@Cmontsoreau\" \/>\n<script type=\"application\/ld+json\" class=\"yoast-schema-graph\">{\"@context\":\"https:\\\/\\\/schema.org\",\"@graph\":[{\"@type\":\"WebPage\",\"@id\":\"https:\\\/\\\/www.chateau-montsoreau.com\\\/wordpress\\\/produit\\\/didier-faustino-tomorrows-shelters\\\/\",\"url\":\"https:\\\/\\\/www.chateau-montsoreau.com\\\/wordpress\\\/produit\\\/didier-faustino-tomorrows-shelters\\\/\",\"name\":\"Didier Faustino. Tomorrow\u2019s Shelters | Ch\u00e2teau de Montsoreau-Mus\u00e9e d&#039;Art Contemporain\",\"isPartOf\":{\"@id\":\"https:\\\/\\\/www.chateau-montsoreau.com\\\/wordpress\\\/#website\"},\"primaryImageOfPage\":{\"@id\":\"https:\\\/\\\/www.chateau-montsoreau.com\\\/wordpress\\\/produit\\\/didier-faustino-tomorrows-shelters\\\/#primaryimage\"},\"image\":{\"@id\":\"https:\\\/\\\/www.chateau-montsoreau.com\\\/wordpress\\\/produit\\\/didier-faustino-tomorrows-shelters\\\/#primaryimage\"},\"thumbnailUrl\":\"https:\\\/\\\/www.chateau-montsoreau.com\\\/wordpress\\\/wp-content\\\/uploads\\\/2021\\\/08\\\/couverture-site-web-scaled.jpg\",\"datePublished\":\"2021-09-05T16:09:47+00:00\",\"dateModified\":\"2021-09-06T14:13:42+00:00\",\"description\":\"Tomorrow's Shelters un livre de Didier Fiuza Faustino paru \u00e0 l'occasion de l'exposition au Ch\u00e2teau de Montsoreau - Mus\u00e9e d'art contemporain\",\"breadcrumb\":{\"@id\":\"https:\\\/\\\/www.chateau-montsoreau.com\\\/wordpress\\\/produit\\\/didier-faustino-tomorrows-shelters\\\/#breadcrumb\"},\"inLanguage\":\"fr-FR\",\"potentialAction\":[{\"@type\":\"ReadAction\",\"target\":[\"https:\\\/\\\/www.chateau-montsoreau.com\\\/wordpress\\\/produit\\\/didier-faustino-tomorrows-shelters\\\/\"]}]},{\"@type\":\"ImageObject\",\"inLanguage\":\"fr-FR\",\"@id\":\"https:\\\/\\\/www.chateau-montsoreau.com\\\/wordpress\\\/produit\\\/didier-faustino-tomorrows-shelters\\\/#primaryimage\",\"url\":\"https:\\\/\\\/www.chateau-montsoreau.com\\\/wordpress\\\/wp-content\\\/uploads\\\/2021\\\/08\\\/couverture-site-web-scaled.jpg\",\"contentUrl\":\"https:\\\/\\\/www.chateau-montsoreau.com\\\/wordpress\\\/wp-content\\\/uploads\\\/2021\\\/08\\\/couverture-site-web-scaled.jpg\",\"width\":1930,\"height\":2560},{\"@type\":\"BreadcrumbList\",\"@id\":\"https:\\\/\\\/www.chateau-montsoreau.com\\\/wordpress\\\/produit\\\/didier-faustino-tomorrows-shelters\\\/#breadcrumb\",\"itemListElement\":[{\"@type\":\"ListItem\",\"position\":1,\"name\":\"Accueil\",\"item\":\"https:\\\/\\\/www.chateau-montsoreau.com\\\/wordpress\\\/fr\\\/\"},{\"@type\":\"ListItem\",\"position\":2,\"name\":\"Didier Faustino. Tomorrow\u2019s Shelters\"}]},{\"@type\":\"WebSite\",\"@id\":\"https:\\\/\\\/www.chateau-montsoreau.com\\\/wordpress\\\/#website\",\"url\":\"https:\\\/\\\/www.chateau-montsoreau.com\\\/wordpress\\\/\",\"name\":\"Ch\u00e2teau de Montsoreau-Mus\u00e9e d&#039;Art Contemporain\",\"description\":\"Ch\u00e2teaux de la Loire Art Contemporain Art Conceptuel\",\"publisher\":{\"@id\":\"https:\\\/\\\/www.chateau-montsoreau.com\\\/wordpress\\\/#organization\"},\"potentialAction\":[{\"@type\":\"SearchAction\",\"target\":{\"@type\":\"EntryPoint\",\"urlTemplate\":\"https:\\\/\\\/www.chateau-montsoreau.com\\\/wordpress\\\/?s={search_term_string}\"},\"query-input\":{\"@type\":\"PropertyValueSpecification\",\"valueRequired\":true,\"valueName\":\"search_term_string\"}}],\"inLanguage\":\"fr-FR\"},{\"@type\":\"Organization\",\"@id\":\"https:\\\/\\\/www.chateau-montsoreau.com\\\/wordpress\\\/#organization\",\"name\":\"Ch\u00e2teau de Montsoreau - Mus\u00e9e d'art contemporain\",\"url\":\"https:\\\/\\\/www.chateau-montsoreau.com\\\/wordpress\\\/\",\"logo\":{\"@type\":\"ImageObject\",\"inLanguage\":\"fr-FR\",\"@id\":\"https:\\\/\\\/www.chateau-montsoreau.com\\\/wordpress\\\/#\\\/schema\\\/logo\\\/image\\\/\",\"url\":\"https:\\\/\\\/www.chateau-montsoreau.com\\\/wordpress\\\/wp-content\\\/uploads\\\/2016\\\/03\\\/Logo-Montsoreau-tout-petit-1.png\",\"contentUrl\":\"https:\\\/\\\/www.chateau-montsoreau.com\\\/wordpress\\\/wp-content\\\/uploads\\\/2016\\\/03\\\/Logo-Montsoreau-tout-petit-1.png\",\"width\":133,\"height\":133,\"caption\":\"Ch\u00e2teau de Montsoreau - Mus\u00e9e d'art contemporain\"},\"image\":{\"@id\":\"https:\\\/\\\/www.chateau-montsoreau.com\\\/wordpress\\\/#\\\/schema\\\/logo\\\/image\\\/\"},\"sameAs\":[\"https:\\\/\\\/www.facebook.com\\\/chateaudemontsoreau\\\/\",\"https:\\\/\\\/x.com\\\/Cmontsoreau\",\"https:\\\/\\\/www.instagram.com\\\/chateaudemontsoreau\\\/\",\"http:\\\/\\\/www.pinterest.com\\\/Cmontsoreau\"]}]}<\/script>\n<!-- \/ Yoast SEO plugin. -->","yoast_head_json":{"title":"Didier Faustino. Tomorrow\u2019s Shelters | Ch\u00e2teau de Montsoreau-Mus\u00e9e d&#039;Art Contemporain","description":"Tomorrow's Shelters un livre de Didier Fiuza Faustino paru \u00e0 l'occasion de l'exposition au Ch\u00e2teau de Montsoreau - Mus\u00e9e d'art contemporain","robots":{"index":"index","follow":"follow","max-snippet":"max-snippet:-1","max-image-preview":"max-image-preview:large","max-video-preview":"max-video-preview:-1"},"canonical":"https:\/\/www.chateau-montsoreau.com\/wordpress\/produit\/didier-faustino-tomorrows-shelters\/","og_locale":"fr_FR","og_type":"article","og_title":"Didier Faustino. Tomorrow\u2019s Shelters | Ch\u00e2teau de Montsoreau-Mus\u00e9e d&#039;Art Contemporain","og_description":"Tomorrow's Shelters un livre de Didier Fiuza Faustino paru \u00e0 l'occasion de l'exposition au Ch\u00e2teau de Montsoreau - Mus\u00e9e d'art contemporain","og_url":"https:\/\/www.chateau-montsoreau.com\/wordpress\/produit\/didier-faustino-tomorrows-shelters\/","og_site_name":"Ch\u00e2teau de Montsoreau-Mus\u00e9e d&#039;Art Contemporain","article_publisher":"https:\/\/www.facebook.com\/chateaudemontsoreau\/","article_modified_time":"2021-09-06T14:13:42+00:00","og_image":[{"width":1930,"height":2560,"url":"https:\/\/www.chateau-montsoreau.com\/wordpress\/wp-content\/uploads\/2021\/08\/couverture-site-web-scaled.jpg","type":"image\/jpeg"}],"twitter_card":"summary_large_image","twitter_site":"@Cmontsoreau","schema":{"@context":"https:\/\/schema.org","@graph":[{"@type":"WebPage","@id":"https:\/\/www.chateau-montsoreau.com\/wordpress\/produit\/didier-faustino-tomorrows-shelters\/","url":"https:\/\/www.chateau-montsoreau.com\/wordpress\/produit\/didier-faustino-tomorrows-shelters\/","name":"Didier Faustino. Tomorrow\u2019s Shelters | Ch\u00e2teau de Montsoreau-Mus\u00e9e d&#039;Art Contemporain","isPartOf":{"@id":"https:\/\/www.chateau-montsoreau.com\/wordpress\/#website"},"primaryImageOfPage":{"@id":"https:\/\/www.chateau-montsoreau.com\/wordpress\/produit\/didier-faustino-tomorrows-shelters\/#primaryimage"},"image":{"@id":"https:\/\/www.chateau-montsoreau.com\/wordpress\/produit\/didier-faustino-tomorrows-shelters\/#primaryimage"},"thumbnailUrl":"https:\/\/www.chateau-montsoreau.com\/wordpress\/wp-content\/uploads\/2021\/08\/couverture-site-web-scaled.jpg","datePublished":"2021-09-05T16:09:47+00:00","dateModified":"2021-09-06T14:13:42+00:00","description":"Tomorrow's Shelters un livre de Didier Fiuza Faustino paru \u00e0 l'occasion de l'exposition au Ch\u00e2teau de Montsoreau - Mus\u00e9e d'art contemporain","breadcrumb":{"@id":"https:\/\/www.chateau-montsoreau.com\/wordpress\/produit\/didier-faustino-tomorrows-shelters\/#breadcrumb"},"inLanguage":"fr-FR","potentialAction":[{"@type":"ReadAction","target":["https:\/\/www.chateau-montsoreau.com\/wordpress\/produit\/didier-faustino-tomorrows-shelters\/"]}]},{"@type":"ImageObject","inLanguage":"fr-FR","@id":"https:\/\/www.chateau-montsoreau.com\/wordpress\/produit\/didier-faustino-tomorrows-shelters\/#primaryimage","url":"https:\/\/www.chateau-montsoreau.com\/wordpress\/wp-content\/uploads\/2021\/08\/couverture-site-web-scaled.jpg","contentUrl":"https:\/\/www.chateau-montsoreau.com\/wordpress\/wp-content\/uploads\/2021\/08\/couverture-site-web-scaled.jpg","width":1930,"height":2560},{"@type":"BreadcrumbList","@id":"https:\/\/www.chateau-montsoreau.com\/wordpress\/produit\/didier-faustino-tomorrows-shelters\/#breadcrumb","itemListElement":[{"@type":"ListItem","position":1,"name":"Accueil","item":"https:\/\/www.chateau-montsoreau.com\/wordpress\/fr\/"},{"@type":"ListItem","position":2,"name":"Didier Faustino. Tomorrow\u2019s Shelters"}]},{"@type":"WebSite","@id":"https:\/\/www.chateau-montsoreau.com\/wordpress\/#website","url":"https:\/\/www.chateau-montsoreau.com\/wordpress\/","name":"Ch\u00e2teau de Montsoreau-Mus\u00e9e d&#039;Art Contemporain","description":"Ch\u00e2teaux de la Loire Art Contemporain Art Conceptuel","publisher":{"@id":"https:\/\/www.chateau-montsoreau.com\/wordpress\/#organization"},"potentialAction":[{"@type":"SearchAction","target":{"@type":"EntryPoint","urlTemplate":"https:\/\/www.chateau-montsoreau.com\/wordpress\/?s={search_term_string}"},"query-input":{"@type":"PropertyValueSpecification","valueRequired":true,"valueName":"search_term_string"}}],"inLanguage":"fr-FR"},{"@type":"Organization","@id":"https:\/\/www.chateau-montsoreau.com\/wordpress\/#organization","name":"Ch\u00e2teau de Montsoreau - Mus\u00e9e d'art contemporain","url":"https:\/\/www.chateau-montsoreau.com\/wordpress\/","logo":{"@type":"ImageObject","inLanguage":"fr-FR","@id":"https:\/\/www.chateau-montsoreau.com\/wordpress\/#\/schema\/logo\/image\/","url":"https:\/\/www.chateau-montsoreau.com\/wordpress\/wp-content\/uploads\/2016\/03\/Logo-Montsoreau-tout-petit-1.png","contentUrl":"https:\/\/www.chateau-montsoreau.com\/wordpress\/wp-content\/uploads\/2016\/03\/Logo-Montsoreau-tout-petit-1.png","width":133,"height":133,"caption":"Ch\u00e2teau de Montsoreau - Mus\u00e9e d'art contemporain"},"image":{"@id":"https:\/\/www.chateau-montsoreau.com\/wordpress\/#\/schema\/logo\/image\/"},"sameAs":["https:\/\/www.facebook.com\/chateaudemontsoreau\/","https:\/\/x.com\/Cmontsoreau","https:\/\/www.instagram.com\/chateaudemontsoreau\/","http:\/\/www.pinterest.com\/Cmontsoreau"]}]}},"_links":{"self":[{"href":"https:\/\/www.chateau-montsoreau.com\/wordpress\/wp-json\/wp\/v2\/product\/8339","targetHints":{"allow":["GET"]}}],"collection":[{"href":"https:\/\/www.chateau-montsoreau.com\/wordpress\/wp-json\/wp\/v2\/product"}],"about":[{"href":"https:\/\/www.chateau-montsoreau.com\/wordpress\/wp-json\/wp\/v2\/types\/product"}],"wp:featuredmedia":[{"embeddable":true,"href":"https:\/\/www.chateau-montsoreau.com\/wordpress\/wp-json\/wp\/v2\/media\/8322"}],"wp:attachment":[{"href":"https:\/\/www.chateau-montsoreau.com\/wordpress\/wp-json\/wp\/v2\/media?parent=8339"}],"wp:term":[{"taxonomy":"product_brand","embeddable":true,"href":"https:\/\/www.chateau-montsoreau.com\/wordpress\/wp-json\/wp\/v2\/product_brand?post=8339"},{"taxonomy":"product_cat","embeddable":true,"href":"https:\/\/www.chateau-montsoreau.com\/wordpress\/wp-json\/wp\/v2\/product_cat?post=8339"},{"taxonomy":"product_tag","embeddable":true,"href":"https:\/\/www.chateau-montsoreau.com\/wordpress\/wp-json\/wp\/v2\/product_tag?post=8339"}],"curies":[{"name":"wp","href":"https:\/\/api.w.org\/{rel}","templated":true}]}}