{"id":8344,"date":"2021-09-06T15:18:43","date_gmt":"2021-09-06T14:18:43","guid":{"rendered":"https:\/\/www.chateau-montsoreau.com\/wordpress\/?post_type=product&#038;p=8344"},"modified":"2021-09-06T15:24:20","modified_gmt":"2021-09-06T14:24:20","slug":"jacques-halbert-autoportrait","status":"publish","type":"product","link":"https:\/\/www.chateau-montsoreau.com\/wordpress\/produit\/jacques-halbert-autoportrait\/","title":{"rendered":"Jacques Halbert. Autoportrait"},"content":{"rendered":"","protected":false},"excerpt":{"rendered":"<div>\n<div class=\"accroche\">Un autoportrait en n\u00e9gatif de Jacques Halbert, recueil de textes r\u00e9dig\u00e9s par diverses personnalit\u00e9s, artistes, cin\u00e9astes, philosophes et critiques d\u2019art dans un argumentaire contre son \u0153uvre. Tentative de d\u00e9finition de soi \u00e0 travers le regard n\u00e9gatif de ses comtemporains.<\/div>\n<div class=\"citation\"><\/div>\n<div class=\"note\">Textes de Emmanuel Vaslin,\u00a0Mathieu Mercier, Laure Slabiak, Jean Michel Valtat, Roland Duclos, Patrick Tosani, Alun Williams, Catherine Pineau, Bertrand Gadenne, Alain Tchillinguirian, Sam Moore,\u00a0Fabrice Hyber, Philippe M\u00e9aille,\u00a0Orlan, Riewert Ehrich, Marie-Caroline Chaudruc, Guy Mathieu, Clovis Maillet, Wiwi Lebibac, Etienne Candel, Pauline Hamel, Arnaud Brument, David Michael Clarke, Claudie Dadu, Genevi\u00e8ve Breerette, Lauren Lebon, Patrice Lerochereuil,\u00a0Gr\u00e9goire Motte,\u00a0Ivan Messac, Capitaine Lonchamps, Philippe Poitevin, Claude Guibert, Cindy Daguenet,\u00a0Julien Blaine, Francine Flandrin, Peter Frank,\u00a0Marcel Alocco,\u00a0Charles Dreyfus Pechkoff, Konny Steding, Dominique March\u00e8s, Jules Merleau-Ponty, Valentina Traianova,\u00a0Antoine Dufeu, J\u00e9r\u00f4me Diacre,\u00a0Daniel Dezeuze,\u00a0Ben Vautier, Jacques Flechemuller,\u00a0Jo\u00ebl Hubaut, Gatien Du Bois, Zhuo Qi, Christian Maret,\u00a0Rapha\u00ebl Cuir, Sammy Engramer, Olivier Slabiak, Wilfrid Rouff, Fr\u00e9d\u00e9ric Emprou, Jean-Michel Pinchon, Corine Borgnet, L\u00e9on Mychkine, Bernard Calet, Marty Fugate, Dialogist-Kantor,\u00a0Jean-Michel Espitallier, Su Byron, Max Horde, Filipe Vilas-Boas, Catherine Chalumeau, Andr\u00e9 Stas, Claire Chevrier, Laurent Lacotte,\u00a0Jean Dupuy, Ann Chevalier, Alexia Guggemos, Fabien Boitard, Christian Xatrec,\u00a0Olivier Mosset.<\/div>\n<div class=\"note\">\n<p>Conception graphique :Dieudonn\u00e9 Cartier<\/p>\n<p>Publication r\u00e9alis\u00e9e dans le cadre de l\u2019exposition\u00a0\u00a0<em>Jacques Halbert. Cerises<\/em>\u00a0 (10.07-13.11.2020).<\/p>\n<\/div>\n<\/div>\n<div><\/div>\n<div class=\"descrListe\">\n<p>Paru en f\u00e9vrier 2021<br \/>\nEdition fran\u00e7aise<br \/>\n14x 21 cm<br \/>\n186 pages (n&amp;b)<br \/>\n17.00 \u20ac<br \/>\n1000 exemplaires.<\/p>\n<\/div>\n","protected":false},"featured_media":8227,"template":"","meta":[],"product_brand":[],"product_cat":[1094],"product_tag":[],"class_list":{"0":"post-8344","1":"product","2":"type-product","3":"status-publish","4":"has-post-thumbnail","6":"product_cat-livres","8":"first","9":"instock","10":"taxable","11":"shipping-taxable","12":"purchasable","13":"product-type-simple"},"yoast_head":"<!-- This site is optimized with the Yoast SEO plugin v27.4 - https:\/\/yoast.com\/product\/yoast-seo-wordpress\/ -->\n<title>Jacques Halbert. Autoportrait | Ch\u00e2teau de Montsoreau-Mus\u00e9e d&#039;Art Contemporain<\/title>\n<meta name=\"description\" content=\"Jacques Halbert. Autoportrait, \u00e9ditions du Ch\u00e2teau de Montsoreau - Mus\u00e9e d&#039;art contemporain.\" \/>\n<meta name=\"robots\" content=\"index, follow, max-snippet:-1, max-image-preview:large, max-video-preview:-1\" \/>\n<link rel=\"canonical\" href=\"https:\/\/www.chateau-montsoreau.com\/wordpress\/produit\/jacques-halbert-autoportrait\/\" \/>\n<meta property=\"og:locale\" content=\"fr_FR\" \/>\n<meta property=\"og:type\" content=\"article\" \/>\n<meta property=\"og:title\" content=\"Jacques Halbert. Autoportrait | Ch\u00e2teau de Montsoreau-Mus\u00e9e d&#039;Art Contemporain\" \/>\n<meta property=\"og:description\" content=\"Jacques Halbert. Autoportrait, \u00e9ditions du Ch\u00e2teau de Montsoreau - Mus\u00e9e d&#039;art contemporain.\" \/>\n<meta property=\"og:url\" content=\"https:\/\/www.chateau-montsoreau.com\/wordpress\/produit\/jacques-halbert-autoportrait\/\" \/>\n<meta property=\"og:site_name\" content=\"Ch\u00e2teau de Montsoreau-Mus\u00e9e d&#039;Art Contemporain\" \/>\n<meta property=\"article:publisher\" content=\"https:\/\/www.facebook.com\/chateaudemontsoreau\/\" \/>\n<meta property=\"article:modified_time\" content=\"2021-09-06T14:24:20+00:00\" \/>\n<meta property=\"og:image\" content=\"https:\/\/www.chateau-montsoreau.com\/wordpress\/wp-content\/uploads\/2021\/02\/autoportrait-couv.jpg\" \/>\n\t<meta property=\"og:image:width\" content=\"827\" \/>\n\t<meta property=\"og:image:height\" content=\"1240\" \/>\n\t<meta property=\"og:image:type\" content=\"image\/jpeg\" \/>\n<meta name=\"twitter:card\" content=\"summary_large_image\" \/>\n<meta name=\"twitter:site\" content=\"@Cmontsoreau\" \/>\n<script type=\"application\/ld+json\" class=\"yoast-schema-graph\">{\"@context\":\"https:\\\/\\\/schema.org\",\"@graph\":[{\"@type\":\"WebPage\",\"@id\":\"https:\\\/\\\/www.chateau-montsoreau.com\\\/wordpress\\\/produit\\\/jacques-halbert-autoportrait\\\/\",\"url\":\"https:\\\/\\\/www.chateau-montsoreau.com\\\/wordpress\\\/produit\\\/jacques-halbert-autoportrait\\\/\",\"name\":\"Jacques Halbert. Autoportrait | Ch\u00e2teau de Montsoreau-Mus\u00e9e d&#039;Art Contemporain\",\"isPartOf\":{\"@id\":\"https:\\\/\\\/www.chateau-montsoreau.com\\\/wordpress\\\/#website\"},\"primaryImageOfPage\":{\"@id\":\"https:\\\/\\\/www.chateau-montsoreau.com\\\/wordpress\\\/produit\\\/jacques-halbert-autoportrait\\\/#primaryimage\"},\"image\":{\"@id\":\"https:\\\/\\\/www.chateau-montsoreau.com\\\/wordpress\\\/produit\\\/jacques-halbert-autoportrait\\\/#primaryimage\"},\"thumbnailUrl\":\"https:\\\/\\\/www.chateau-montsoreau.com\\\/wordpress\\\/wp-content\\\/uploads\\\/2021\\\/02\\\/autoportrait-couv.jpg\",\"datePublished\":\"2021-09-06T14:18:43+00:00\",\"dateModified\":\"2021-09-06T14:24:20+00:00\",\"description\":\"Jacques Halbert. Autoportrait, \u00e9ditions du Ch\u00e2teau de Montsoreau - Mus\u00e9e d'art contemporain.\",\"breadcrumb\":{\"@id\":\"https:\\\/\\\/www.chateau-montsoreau.com\\\/wordpress\\\/produit\\\/jacques-halbert-autoportrait\\\/#breadcrumb\"},\"inLanguage\":\"fr-FR\",\"potentialAction\":[{\"@type\":\"ReadAction\",\"target\":[\"https:\\\/\\\/www.chateau-montsoreau.com\\\/wordpress\\\/produit\\\/jacques-halbert-autoportrait\\\/\"]}]},{\"@type\":\"ImageObject\",\"inLanguage\":\"fr-FR\",\"@id\":\"https:\\\/\\\/www.chateau-montsoreau.com\\\/wordpress\\\/produit\\\/jacques-halbert-autoportrait\\\/#primaryimage\",\"url\":\"https:\\\/\\\/www.chateau-montsoreau.com\\\/wordpress\\\/wp-content\\\/uploads\\\/2021\\\/02\\\/autoportrait-couv.jpg\",\"contentUrl\":\"https:\\\/\\\/www.chateau-montsoreau.com\\\/wordpress\\\/wp-content\\\/uploads\\\/2021\\\/02\\\/autoportrait-couv.jpg\",\"width\":827,\"height\":1240},{\"@type\":\"BreadcrumbList\",\"@id\":\"https:\\\/\\\/www.chateau-montsoreau.com\\\/wordpress\\\/produit\\\/jacques-halbert-autoportrait\\\/#breadcrumb\",\"itemListElement\":[{\"@type\":\"ListItem\",\"position\":1,\"name\":\"Accueil\",\"item\":\"https:\\\/\\\/www.chateau-montsoreau.com\\\/wordpress\\\/fr\\\/\"},{\"@type\":\"ListItem\",\"position\":2,\"name\":\"Jacques Halbert. Autoportrait\"}]},{\"@type\":\"WebSite\",\"@id\":\"https:\\\/\\\/www.chateau-montsoreau.com\\\/wordpress\\\/#website\",\"url\":\"https:\\\/\\\/www.chateau-montsoreau.com\\\/wordpress\\\/\",\"name\":\"Ch\u00e2teau de Montsoreau-Mus\u00e9e d&#039;Art Contemporain\",\"description\":\"Ch\u00e2teaux de la Loire Art Contemporain Art Conceptuel\",\"publisher\":{\"@id\":\"https:\\\/\\\/www.chateau-montsoreau.com\\\/wordpress\\\/#organization\"},\"potentialAction\":[{\"@type\":\"SearchAction\",\"target\":{\"@type\":\"EntryPoint\",\"urlTemplate\":\"https:\\\/\\\/www.chateau-montsoreau.com\\\/wordpress\\\/?s={search_term_string}\"},\"query-input\":{\"@type\":\"PropertyValueSpecification\",\"valueRequired\":true,\"valueName\":\"search_term_string\"}}],\"inLanguage\":\"fr-FR\"},{\"@type\":\"Organization\",\"@id\":\"https:\\\/\\\/www.chateau-montsoreau.com\\\/wordpress\\\/#organization\",\"name\":\"Ch\u00e2teau de Montsoreau - Mus\u00e9e d'art contemporain\",\"url\":\"https:\\\/\\\/www.chateau-montsoreau.com\\\/wordpress\\\/\",\"logo\":{\"@type\":\"ImageObject\",\"inLanguage\":\"fr-FR\",\"@id\":\"https:\\\/\\\/www.chateau-montsoreau.com\\\/wordpress\\\/#\\\/schema\\\/logo\\\/image\\\/\",\"url\":\"https:\\\/\\\/www.chateau-montsoreau.com\\\/wordpress\\\/wp-content\\\/uploads\\\/2016\\\/03\\\/Logo-Montsoreau-tout-petit-1.png\",\"contentUrl\":\"https:\\\/\\\/www.chateau-montsoreau.com\\\/wordpress\\\/wp-content\\\/uploads\\\/2016\\\/03\\\/Logo-Montsoreau-tout-petit-1.png\",\"width\":133,\"height\":133,\"caption\":\"Ch\u00e2teau de Montsoreau - Mus\u00e9e d'art contemporain\"},\"image\":{\"@id\":\"https:\\\/\\\/www.chateau-montsoreau.com\\\/wordpress\\\/#\\\/schema\\\/logo\\\/image\\\/\"},\"sameAs\":[\"https:\\\/\\\/www.facebook.com\\\/chateaudemontsoreau\\\/\",\"https:\\\/\\\/x.com\\\/Cmontsoreau\",\"https:\\\/\\\/www.instagram.com\\\/chateaudemontsoreau\\\/\",\"http:\\\/\\\/www.pinterest.com\\\/Cmontsoreau\"]}]}<\/script>\n<!-- \/ Yoast SEO plugin. -->","yoast_head_json":{"title":"Jacques Halbert. Autoportrait | Ch\u00e2teau de Montsoreau-Mus\u00e9e d&#039;Art Contemporain","description":"Jacques Halbert. Autoportrait, \u00e9ditions du Ch\u00e2teau de Montsoreau - Mus\u00e9e d'art contemporain.","robots":{"index":"index","follow":"follow","max-snippet":"max-snippet:-1","max-image-preview":"max-image-preview:large","max-video-preview":"max-video-preview:-1"},"canonical":"https:\/\/www.chateau-montsoreau.com\/wordpress\/produit\/jacques-halbert-autoportrait\/","og_locale":"fr_FR","og_type":"article","og_title":"Jacques Halbert. Autoportrait | Ch\u00e2teau de Montsoreau-Mus\u00e9e d&#039;Art Contemporain","og_description":"Jacques Halbert. Autoportrait, \u00e9ditions du Ch\u00e2teau de Montsoreau - Mus\u00e9e d'art contemporain.","og_url":"https:\/\/www.chateau-montsoreau.com\/wordpress\/produit\/jacques-halbert-autoportrait\/","og_site_name":"Ch\u00e2teau de Montsoreau-Mus\u00e9e d&#039;Art Contemporain","article_publisher":"https:\/\/www.facebook.com\/chateaudemontsoreau\/","article_modified_time":"2021-09-06T14:24:20+00:00","og_image":[{"width":827,"height":1240,"url":"https:\/\/www.chateau-montsoreau.com\/wordpress\/wp-content\/uploads\/2021\/02\/autoportrait-couv.jpg","type":"image\/jpeg"}],"twitter_card":"summary_large_image","twitter_site":"@Cmontsoreau","schema":{"@context":"https:\/\/schema.org","@graph":[{"@type":"WebPage","@id":"https:\/\/www.chateau-montsoreau.com\/wordpress\/produit\/jacques-halbert-autoportrait\/","url":"https:\/\/www.chateau-montsoreau.com\/wordpress\/produit\/jacques-halbert-autoportrait\/","name":"Jacques Halbert. Autoportrait | Ch\u00e2teau de Montsoreau-Mus\u00e9e d&#039;Art Contemporain","isPartOf":{"@id":"https:\/\/www.chateau-montsoreau.com\/wordpress\/#website"},"primaryImageOfPage":{"@id":"https:\/\/www.chateau-montsoreau.com\/wordpress\/produit\/jacques-halbert-autoportrait\/#primaryimage"},"image":{"@id":"https:\/\/www.chateau-montsoreau.com\/wordpress\/produit\/jacques-halbert-autoportrait\/#primaryimage"},"thumbnailUrl":"https:\/\/www.chateau-montsoreau.com\/wordpress\/wp-content\/uploads\/2021\/02\/autoportrait-couv.jpg","datePublished":"2021-09-06T14:18:43+00:00","dateModified":"2021-09-06T14:24:20+00:00","description":"Jacques Halbert. Autoportrait, \u00e9ditions du Ch\u00e2teau de Montsoreau - Mus\u00e9e d'art contemporain.","breadcrumb":{"@id":"https:\/\/www.chateau-montsoreau.com\/wordpress\/produit\/jacques-halbert-autoportrait\/#breadcrumb"},"inLanguage":"fr-FR","potentialAction":[{"@type":"ReadAction","target":["https:\/\/www.chateau-montsoreau.com\/wordpress\/produit\/jacques-halbert-autoportrait\/"]}]},{"@type":"ImageObject","inLanguage":"fr-FR","@id":"https:\/\/www.chateau-montsoreau.com\/wordpress\/produit\/jacques-halbert-autoportrait\/#primaryimage","url":"https:\/\/www.chateau-montsoreau.com\/wordpress\/wp-content\/uploads\/2021\/02\/autoportrait-couv.jpg","contentUrl":"https:\/\/www.chateau-montsoreau.com\/wordpress\/wp-content\/uploads\/2021\/02\/autoportrait-couv.jpg","width":827,"height":1240},{"@type":"BreadcrumbList","@id":"https:\/\/www.chateau-montsoreau.com\/wordpress\/produit\/jacques-halbert-autoportrait\/#breadcrumb","itemListElement":[{"@type":"ListItem","position":1,"name":"Accueil","item":"https:\/\/www.chateau-montsoreau.com\/wordpress\/fr\/"},{"@type":"ListItem","position":2,"name":"Jacques Halbert. Autoportrait"}]},{"@type":"WebSite","@id":"https:\/\/www.chateau-montsoreau.com\/wordpress\/#website","url":"https:\/\/www.chateau-montsoreau.com\/wordpress\/","name":"Ch\u00e2teau de Montsoreau-Mus\u00e9e d&#039;Art Contemporain","description":"Ch\u00e2teaux de la Loire Art Contemporain Art Conceptuel","publisher":{"@id":"https:\/\/www.chateau-montsoreau.com\/wordpress\/#organization"},"potentialAction":[{"@type":"SearchAction","target":{"@type":"EntryPoint","urlTemplate":"https:\/\/www.chateau-montsoreau.com\/wordpress\/?s={search_term_string}"},"query-input":{"@type":"PropertyValueSpecification","valueRequired":true,"valueName":"search_term_string"}}],"inLanguage":"fr-FR"},{"@type":"Organization","@id":"https:\/\/www.chateau-montsoreau.com\/wordpress\/#organization","name":"Ch\u00e2teau de Montsoreau - Mus\u00e9e d'art contemporain","url":"https:\/\/www.chateau-montsoreau.com\/wordpress\/","logo":{"@type":"ImageObject","inLanguage":"fr-FR","@id":"https:\/\/www.chateau-montsoreau.com\/wordpress\/#\/schema\/logo\/image\/","url":"https:\/\/www.chateau-montsoreau.com\/wordpress\/wp-content\/uploads\/2016\/03\/Logo-Montsoreau-tout-petit-1.png","contentUrl":"https:\/\/www.chateau-montsoreau.com\/wordpress\/wp-content\/uploads\/2016\/03\/Logo-Montsoreau-tout-petit-1.png","width":133,"height":133,"caption":"Ch\u00e2teau de Montsoreau - Mus\u00e9e d'art contemporain"},"image":{"@id":"https:\/\/www.chateau-montsoreau.com\/wordpress\/#\/schema\/logo\/image\/"},"sameAs":["https:\/\/www.facebook.com\/chateaudemontsoreau\/","https:\/\/x.com\/Cmontsoreau","https:\/\/www.instagram.com\/chateaudemontsoreau\/","http:\/\/www.pinterest.com\/Cmontsoreau"]}]}},"_links":{"self":[{"href":"https:\/\/www.chateau-montsoreau.com\/wordpress\/wp-json\/wp\/v2\/product\/8344","targetHints":{"allow":["GET"]}}],"collection":[{"href":"https:\/\/www.chateau-montsoreau.com\/wordpress\/wp-json\/wp\/v2\/product"}],"about":[{"href":"https:\/\/www.chateau-montsoreau.com\/wordpress\/wp-json\/wp\/v2\/types\/product"}],"wp:featuredmedia":[{"embeddable":true,"href":"https:\/\/www.chateau-montsoreau.com\/wordpress\/wp-json\/wp\/v2\/media\/8227"}],"wp:attachment":[{"href":"https:\/\/www.chateau-montsoreau.com\/wordpress\/wp-json\/wp\/v2\/media?parent=8344"}],"wp:term":[{"taxonomy":"product_brand","embeddable":true,"href":"https:\/\/www.chateau-montsoreau.com\/wordpress\/wp-json\/wp\/v2\/product_brand?post=8344"},{"taxonomy":"product_cat","embeddable":true,"href":"https:\/\/www.chateau-montsoreau.com\/wordpress\/wp-json\/wp\/v2\/product_cat?post=8344"},{"taxonomy":"product_tag","embeddable":true,"href":"https:\/\/www.chateau-montsoreau.com\/wordpress\/wp-json\/wp\/v2\/product_tag?post=8344"}],"curies":[{"name":"wp","href":"https:\/\/api.w.org\/{rel}","templated":true}]}}