{"id":8361,"date":"2021-09-07T13:55:11","date_gmt":"2021-09-07T12:55:11","guid":{"rendered":"https:\/\/www.chateau-montsoreau.com\/wordpress\/?post_type=product&#038;p=8361"},"modified":"2021-09-07T14:00:04","modified_gmt":"2021-09-07T13:00:04","slug":"art-language-la-conference-du-jeu-de-paume-2","status":"publish","type":"product","link":"https:\/\/www.chateau-montsoreau.com\/wordpress\/produit\/art-language-la-conference-du-jeu-de-paume-2\/","title":{"rendered":"Art &#038; Language: la conf\u00e9rence du Jeu de Paume"},"content":{"rendered":"","protected":false},"excerpt":{"rendered":"<p>Texte de la conf\u00e9rence donn\u00e9e \u00e0 la Galerie nationale du Jeu de Paume, le 7 d\u00e9cembre 1993, par Michael Baldwin et Mel Ramsden. 80 pages. \u00c9ditions Flammarion 4 \/ Galerie de Paris, novembre 1996<\/p>\n","protected":false},"featured_media":8360,"template":"","meta":[],"product_brand":[],"product_cat":[1094],"product_tag":[],"class_list":{"0":"post-8361","1":"product","2":"type-product","3":"status-publish","4":"has-post-thumbnail","6":"product_cat-livres","8":"first","9":"instock","10":"taxable","11":"shipping-taxable","12":"purchasable","13":"product-type-simple"},"yoast_head":"<!-- This site is optimized with the Yoast SEO plugin v27.4 - https:\/\/yoast.com\/product\/yoast-seo-wordpress\/ -->\n<title>Art &amp; Language: la conf\u00e9rence du Jeu de Paume | Ch\u00e2teau de Montsoreau-Mus\u00e9e d&#039;Art Contemporain<\/title>\n<meta name=\"description\" content=\"Art &amp; Language: la conf\u00e9rence du Jeu de Paume, 7 d\u00e9cembre 1993.\" \/>\n<meta name=\"robots\" content=\"index, follow, max-snippet:-1, max-image-preview:large, max-video-preview:-1\" \/>\n<link rel=\"canonical\" href=\"https:\/\/www.chateau-montsoreau.com\/wordpress\/produit\/art-language-la-conference-du-jeu-de-paume-2\/\" \/>\n<meta property=\"og:locale\" content=\"fr_FR\" \/>\n<meta property=\"og:type\" content=\"article\" \/>\n<meta property=\"og:title\" content=\"Art &amp; Language: la conf\u00e9rence du Jeu de Paume | Ch\u00e2teau de Montsoreau-Mus\u00e9e d&#039;Art Contemporain\" \/>\n<meta property=\"og:description\" content=\"Art &amp; Language: la conf\u00e9rence du Jeu de Paume, 7 d\u00e9cembre 1993.\" \/>\n<meta property=\"og:url\" content=\"https:\/\/www.chateau-montsoreau.com\/wordpress\/produit\/art-language-la-conference-du-jeu-de-paume-2\/\" \/>\n<meta property=\"og:site_name\" content=\"Ch\u00e2teau de Montsoreau-Mus\u00e9e d&#039;Art Contemporain\" \/>\n<meta property=\"article:publisher\" content=\"https:\/\/www.facebook.com\/chateaudemontsoreau\/\" \/>\n<meta property=\"article:modified_time\" content=\"2021-09-07T13:00:04+00:00\" \/>\n<meta property=\"og:image\" content=\"https:\/\/www.chateau-montsoreau.com\/wordpress\/wp-content\/uploads\/2021\/09\/art-language-conference-du-jeu-de-paume.jpg\" \/>\n\t<meta property=\"og:image:width\" content=\"617\" \/>\n\t<meta property=\"og:image:height\" content=\"785\" \/>\n\t<meta property=\"og:image:type\" content=\"image\/jpeg\" \/>\n<meta name=\"twitter:card\" content=\"summary_large_image\" \/>\n<meta name=\"twitter:site\" content=\"@Cmontsoreau\" \/>\n<script type=\"application\/ld+json\" class=\"yoast-schema-graph\">{\"@context\":\"https:\\\/\\\/schema.org\",\"@graph\":[{\"@type\":\"WebPage\",\"@id\":\"https:\\\/\\\/www.chateau-montsoreau.com\\\/wordpress\\\/produit\\\/art-language-la-conference-du-jeu-de-paume-2\\\/\",\"url\":\"https:\\\/\\\/www.chateau-montsoreau.com\\\/wordpress\\\/produit\\\/art-language-la-conference-du-jeu-de-paume-2\\\/\",\"name\":\"Art & Language: la conf\u00e9rence du Jeu de Paume | Ch\u00e2teau de Montsoreau-Mus\u00e9e d&#039;Art Contemporain\",\"isPartOf\":{\"@id\":\"https:\\\/\\\/www.chateau-montsoreau.com\\\/wordpress\\\/#website\"},\"primaryImageOfPage\":{\"@id\":\"https:\\\/\\\/www.chateau-montsoreau.com\\\/wordpress\\\/produit\\\/art-language-la-conference-du-jeu-de-paume-2\\\/#primaryimage\"},\"image\":{\"@id\":\"https:\\\/\\\/www.chateau-montsoreau.com\\\/wordpress\\\/produit\\\/art-language-la-conference-du-jeu-de-paume-2\\\/#primaryimage\"},\"thumbnailUrl\":\"https:\\\/\\\/www.chateau-montsoreau.com\\\/wordpress\\\/wp-content\\\/uploads\\\/2021\\\/09\\\/art-language-conference-du-jeu-de-paume.jpg\",\"datePublished\":\"2021-09-07T12:55:11+00:00\",\"dateModified\":\"2021-09-07T13:00:04+00:00\",\"description\":\"Art & Language: la conf\u00e9rence du Jeu de Paume, 7 d\u00e9cembre 1993.\",\"breadcrumb\":{\"@id\":\"https:\\\/\\\/www.chateau-montsoreau.com\\\/wordpress\\\/produit\\\/art-language-la-conference-du-jeu-de-paume-2\\\/#breadcrumb\"},\"inLanguage\":\"fr-FR\",\"potentialAction\":[{\"@type\":\"ReadAction\",\"target\":[\"https:\\\/\\\/www.chateau-montsoreau.com\\\/wordpress\\\/produit\\\/art-language-la-conference-du-jeu-de-paume-2\\\/\"]}]},{\"@type\":\"ImageObject\",\"inLanguage\":\"fr-FR\",\"@id\":\"https:\\\/\\\/www.chateau-montsoreau.com\\\/wordpress\\\/produit\\\/art-language-la-conference-du-jeu-de-paume-2\\\/#primaryimage\",\"url\":\"https:\\\/\\\/www.chateau-montsoreau.com\\\/wordpress\\\/wp-content\\\/uploads\\\/2021\\\/09\\\/art-language-conference-du-jeu-de-paume.jpg\",\"contentUrl\":\"https:\\\/\\\/www.chateau-montsoreau.com\\\/wordpress\\\/wp-content\\\/uploads\\\/2021\\\/09\\\/art-language-conference-du-jeu-de-paume.jpg\",\"width\":617,\"height\":785},{\"@type\":\"BreadcrumbList\",\"@id\":\"https:\\\/\\\/www.chateau-montsoreau.com\\\/wordpress\\\/produit\\\/art-language-la-conference-du-jeu-de-paume-2\\\/#breadcrumb\",\"itemListElement\":[{\"@type\":\"ListItem\",\"position\":1,\"name\":\"Accueil\",\"item\":\"https:\\\/\\\/www.chateau-montsoreau.com\\\/wordpress\\\/fr\\\/\"},{\"@type\":\"ListItem\",\"position\":2,\"name\":\"Art &#038; Language: la conf\u00e9rence du Jeu de Paume\"}]},{\"@type\":\"WebSite\",\"@id\":\"https:\\\/\\\/www.chateau-montsoreau.com\\\/wordpress\\\/#website\",\"url\":\"https:\\\/\\\/www.chateau-montsoreau.com\\\/wordpress\\\/\",\"name\":\"Ch\u00e2teau de Montsoreau-Mus\u00e9e d&#039;Art Contemporain\",\"description\":\"Ch\u00e2teaux de la Loire Art Contemporain Art Conceptuel\",\"publisher\":{\"@id\":\"https:\\\/\\\/www.chateau-montsoreau.com\\\/wordpress\\\/#organization\"},\"potentialAction\":[{\"@type\":\"SearchAction\",\"target\":{\"@type\":\"EntryPoint\",\"urlTemplate\":\"https:\\\/\\\/www.chateau-montsoreau.com\\\/wordpress\\\/?s={search_term_string}\"},\"query-input\":{\"@type\":\"PropertyValueSpecification\",\"valueRequired\":true,\"valueName\":\"search_term_string\"}}],\"inLanguage\":\"fr-FR\"},{\"@type\":\"Organization\",\"@id\":\"https:\\\/\\\/www.chateau-montsoreau.com\\\/wordpress\\\/#organization\",\"name\":\"Ch\u00e2teau de Montsoreau - Mus\u00e9e d'art contemporain\",\"url\":\"https:\\\/\\\/www.chateau-montsoreau.com\\\/wordpress\\\/\",\"logo\":{\"@type\":\"ImageObject\",\"inLanguage\":\"fr-FR\",\"@id\":\"https:\\\/\\\/www.chateau-montsoreau.com\\\/wordpress\\\/#\\\/schema\\\/logo\\\/image\\\/\",\"url\":\"https:\\\/\\\/www.chateau-montsoreau.com\\\/wordpress\\\/wp-content\\\/uploads\\\/2016\\\/03\\\/Logo-Montsoreau-tout-petit-1.png\",\"contentUrl\":\"https:\\\/\\\/www.chateau-montsoreau.com\\\/wordpress\\\/wp-content\\\/uploads\\\/2016\\\/03\\\/Logo-Montsoreau-tout-petit-1.png\",\"width\":133,\"height\":133,\"caption\":\"Ch\u00e2teau de Montsoreau - Mus\u00e9e d'art contemporain\"},\"image\":{\"@id\":\"https:\\\/\\\/www.chateau-montsoreau.com\\\/wordpress\\\/#\\\/schema\\\/logo\\\/image\\\/\"},\"sameAs\":[\"https:\\\/\\\/www.facebook.com\\\/chateaudemontsoreau\\\/\",\"https:\\\/\\\/x.com\\\/Cmontsoreau\",\"https:\\\/\\\/www.instagram.com\\\/chateaudemontsoreau\\\/\",\"http:\\\/\\\/www.pinterest.com\\\/Cmontsoreau\"]}]}<\/script>\n<!-- \/ Yoast SEO plugin. -->","yoast_head_json":{"title":"Art & Language: la conf\u00e9rence du Jeu de Paume | Ch\u00e2teau de Montsoreau-Mus\u00e9e d&#039;Art Contemporain","description":"Art & Language: la conf\u00e9rence du Jeu de Paume, 7 d\u00e9cembre 1993.","robots":{"index":"index","follow":"follow","max-snippet":"max-snippet:-1","max-image-preview":"max-image-preview:large","max-video-preview":"max-video-preview:-1"},"canonical":"https:\/\/www.chateau-montsoreau.com\/wordpress\/produit\/art-language-la-conference-du-jeu-de-paume-2\/","og_locale":"fr_FR","og_type":"article","og_title":"Art & Language: la conf\u00e9rence du Jeu de Paume | Ch\u00e2teau de Montsoreau-Mus\u00e9e d&#039;Art Contemporain","og_description":"Art & Language: la conf\u00e9rence du Jeu de Paume, 7 d\u00e9cembre 1993.","og_url":"https:\/\/www.chateau-montsoreau.com\/wordpress\/produit\/art-language-la-conference-du-jeu-de-paume-2\/","og_site_name":"Ch\u00e2teau de Montsoreau-Mus\u00e9e d&#039;Art Contemporain","article_publisher":"https:\/\/www.facebook.com\/chateaudemontsoreau\/","article_modified_time":"2021-09-07T13:00:04+00:00","og_image":[{"width":617,"height":785,"url":"https:\/\/www.chateau-montsoreau.com\/wordpress\/wp-content\/uploads\/2021\/09\/art-language-conference-du-jeu-de-paume.jpg","type":"image\/jpeg"}],"twitter_card":"summary_large_image","twitter_site":"@Cmontsoreau","schema":{"@context":"https:\/\/schema.org","@graph":[{"@type":"WebPage","@id":"https:\/\/www.chateau-montsoreau.com\/wordpress\/produit\/art-language-la-conference-du-jeu-de-paume-2\/","url":"https:\/\/www.chateau-montsoreau.com\/wordpress\/produit\/art-language-la-conference-du-jeu-de-paume-2\/","name":"Art & Language: la conf\u00e9rence du Jeu de Paume | Ch\u00e2teau de Montsoreau-Mus\u00e9e d&#039;Art Contemporain","isPartOf":{"@id":"https:\/\/www.chateau-montsoreau.com\/wordpress\/#website"},"primaryImageOfPage":{"@id":"https:\/\/www.chateau-montsoreau.com\/wordpress\/produit\/art-language-la-conference-du-jeu-de-paume-2\/#primaryimage"},"image":{"@id":"https:\/\/www.chateau-montsoreau.com\/wordpress\/produit\/art-language-la-conference-du-jeu-de-paume-2\/#primaryimage"},"thumbnailUrl":"https:\/\/www.chateau-montsoreau.com\/wordpress\/wp-content\/uploads\/2021\/09\/art-language-conference-du-jeu-de-paume.jpg","datePublished":"2021-09-07T12:55:11+00:00","dateModified":"2021-09-07T13:00:04+00:00","description":"Art & Language: la conf\u00e9rence du Jeu de Paume, 7 d\u00e9cembre 1993.","breadcrumb":{"@id":"https:\/\/www.chateau-montsoreau.com\/wordpress\/produit\/art-language-la-conference-du-jeu-de-paume-2\/#breadcrumb"},"inLanguage":"fr-FR","potentialAction":[{"@type":"ReadAction","target":["https:\/\/www.chateau-montsoreau.com\/wordpress\/produit\/art-language-la-conference-du-jeu-de-paume-2\/"]}]},{"@type":"ImageObject","inLanguage":"fr-FR","@id":"https:\/\/www.chateau-montsoreau.com\/wordpress\/produit\/art-language-la-conference-du-jeu-de-paume-2\/#primaryimage","url":"https:\/\/www.chateau-montsoreau.com\/wordpress\/wp-content\/uploads\/2021\/09\/art-language-conference-du-jeu-de-paume.jpg","contentUrl":"https:\/\/www.chateau-montsoreau.com\/wordpress\/wp-content\/uploads\/2021\/09\/art-language-conference-du-jeu-de-paume.jpg","width":617,"height":785},{"@type":"BreadcrumbList","@id":"https:\/\/www.chateau-montsoreau.com\/wordpress\/produit\/art-language-la-conference-du-jeu-de-paume-2\/#breadcrumb","itemListElement":[{"@type":"ListItem","position":1,"name":"Accueil","item":"https:\/\/www.chateau-montsoreau.com\/wordpress\/fr\/"},{"@type":"ListItem","position":2,"name":"Art &#038; Language: la conf\u00e9rence du Jeu de Paume"}]},{"@type":"WebSite","@id":"https:\/\/www.chateau-montsoreau.com\/wordpress\/#website","url":"https:\/\/www.chateau-montsoreau.com\/wordpress\/","name":"Ch\u00e2teau de Montsoreau-Mus\u00e9e d&#039;Art Contemporain","description":"Ch\u00e2teaux de la Loire Art Contemporain Art Conceptuel","publisher":{"@id":"https:\/\/www.chateau-montsoreau.com\/wordpress\/#organization"},"potentialAction":[{"@type":"SearchAction","target":{"@type":"EntryPoint","urlTemplate":"https:\/\/www.chateau-montsoreau.com\/wordpress\/?s={search_term_string}"},"query-input":{"@type":"PropertyValueSpecification","valueRequired":true,"valueName":"search_term_string"}}],"inLanguage":"fr-FR"},{"@type":"Organization","@id":"https:\/\/www.chateau-montsoreau.com\/wordpress\/#organization","name":"Ch\u00e2teau de Montsoreau - Mus\u00e9e d'art contemporain","url":"https:\/\/www.chateau-montsoreau.com\/wordpress\/","logo":{"@type":"ImageObject","inLanguage":"fr-FR","@id":"https:\/\/www.chateau-montsoreau.com\/wordpress\/#\/schema\/logo\/image\/","url":"https:\/\/www.chateau-montsoreau.com\/wordpress\/wp-content\/uploads\/2016\/03\/Logo-Montsoreau-tout-petit-1.png","contentUrl":"https:\/\/www.chateau-montsoreau.com\/wordpress\/wp-content\/uploads\/2016\/03\/Logo-Montsoreau-tout-petit-1.png","width":133,"height":133,"caption":"Ch\u00e2teau de Montsoreau - Mus\u00e9e d'art contemporain"},"image":{"@id":"https:\/\/www.chateau-montsoreau.com\/wordpress\/#\/schema\/logo\/image\/"},"sameAs":["https:\/\/www.facebook.com\/chateaudemontsoreau\/","https:\/\/x.com\/Cmontsoreau","https:\/\/www.instagram.com\/chateaudemontsoreau\/","http:\/\/www.pinterest.com\/Cmontsoreau"]}]}},"_links":{"self":[{"href":"https:\/\/www.chateau-montsoreau.com\/wordpress\/wp-json\/wp\/v2\/product\/8361","targetHints":{"allow":["GET"]}}],"collection":[{"href":"https:\/\/www.chateau-montsoreau.com\/wordpress\/wp-json\/wp\/v2\/product"}],"about":[{"href":"https:\/\/www.chateau-montsoreau.com\/wordpress\/wp-json\/wp\/v2\/types\/product"}],"wp:featuredmedia":[{"embeddable":true,"href":"https:\/\/www.chateau-montsoreau.com\/wordpress\/wp-json\/wp\/v2\/media\/8360"}],"wp:attachment":[{"href":"https:\/\/www.chateau-montsoreau.com\/wordpress\/wp-json\/wp\/v2\/media?parent=8361"}],"wp:term":[{"taxonomy":"product_brand","embeddable":true,"href":"https:\/\/www.chateau-montsoreau.com\/wordpress\/wp-json\/wp\/v2\/product_brand?post=8361"},{"taxonomy":"product_cat","embeddable":true,"href":"https:\/\/www.chateau-montsoreau.com\/wordpress\/wp-json\/wp\/v2\/product_cat?post=8361"},{"taxonomy":"product_tag","embeddable":true,"href":"https:\/\/www.chateau-montsoreau.com\/wordpress\/wp-json\/wp\/v2\/product_tag?post=8361"}],"curies":[{"name":"wp","href":"https:\/\/api.w.org\/{rel}","templated":true}]}}